{"id":7,"date":"2024-01-25T08:28:16","date_gmt":"2024-01-25T08:28:16","guid":{"rendered":"https:\/\/beugroburger-esztergom.hu\/?page_id=7"},"modified":"2025-12-19T13:29:13","modified_gmt":"2025-12-19T12:29:13","slug":"home","status":"publish","type":"page","link":"https:\/\/beugroburger-esztergom.hu\/","title":{"rendered":"Home"},"content":{"rendered":"<div class=\"wp-block-cover alignfull has-custom-content-position is-position-top-center\" style=\"min-height:894px;aspect-ratio:unset;\"><img loading=\"lazy\" decoding=\"async\" width=\"1024\" height=\"682\" class=\"wp-block-cover__image-background wp-image-7862 size-large\" alt=\"\" src=\"https:\/\/beugroburger-esztergom.hu\/wp-content\/uploads\/2025\/11\/borito-1-1024x682.jpg\" data-object-fit=\"cover\" srcset=\"https:\/\/beugroburger-esztergom.hu\/wp-content\/uploads\/2025\/11\/borito-1-1024x682.jpg 1024w, https:\/\/beugroburger-esztergom.hu\/wp-content\/uploads\/2025\/11\/borito-1-300x200.jpg 300w, https:\/\/beugroburger-esztergom.hu\/wp-content\/uploads\/2025\/11\/borito-1-768x511.jpg 768w, https:\/\/beugroburger-esztergom.hu\/wp-content\/uploads\/2025\/11\/borito-1.jpg 1440w\" sizes=\"auto, (max-width: 1024px) 100vw, 1024px\" \/><span aria-hidden=\"true\" class=\"wp-block-cover__background has-black-background-color has-background-dim\"><\/span><div class=\"wp-block-cover__inner-container is-layout-constrained wp-block-cover-is-layout-constrained\"><h1 class=\"wp-block-heading has-text-align-center has-ast-global-color-5-color has-text-color has-link-color has-x-large-font-size wp-elements-7fc3a99c385b2bfe7b2ecb1f560d891f\">Beugr\u00f3 Burger Esztergom<\/h1>\n\n<div style=\"height:100px\" aria-hidden=\"true\" class=\"wp-block-spacer\"><\/div>\n\n<div class=\"wp-block-columns is-layout-flex wp-container-core-columns-is-layout-28f84493 wp-block-columns-is-layout-flex\"><div class=\"wp-block-column is-layout-flow wp-block-column-is-layout-flow\"><p><strong>\u00c9tterm\u00fcnkben a hamburgerek szerelmeseit v\u00e1rjuk<\/strong>: kiz\u00e1r\u00f3lag min\u0151s\u00e9gi alapanyagokb\u00f3l k\u00e9sz\u00fclt, frissen s\u00fct\u00f6tt k\u00e9zm\u0171ves \u00e9s klasszikus hamburgerekkel, valamint ropog\u00f3s k\u00f6retekkel. \u00c9teleinket helyben, rendel\u00e9sre k\u00e9sz\u00edtj\u00fck, \u00e9s <strong>online rendel\u00e9s lead\u00e1s\u00e1ra is van lehet\u0151s\u00e9g<\/strong>.<\/p>\n\n<div class=\"wp-block-group has-background is-layout-constrained wp-container-core-group-is-layout-52009084 wp-block-group-is-layout-constrained\" style=\"border-radius:10px;background-color:#000000bd;padding-top:var(--wp--preset--spacing--40);padding-right:var(--wp--preset--spacing--40);padding-bottom:var(--wp--preset--spacing--40);padding-left:var(--wp--preset--spacing--40)\"><h2 class=\"wp-block-heading has-ast-global-color-5-color has-text-color has-link-color wp-elements-7fb3ab583bfbe26e0698658d44a4d422\">Vezess ide a t\u00e9rk\u00e9p seg\u00edts\u00e9g\u00e9vel:<\/h2>\n\n<figure class=\"wp-block-image alignright size-full is-resized\"><img loading=\"lazy\" decoding=\"async\" width=\"512\" height=\"512\" src=\"https:\/\/beugroburger-esztergom.hu\/wp-content\/uploads\/2024\/01\/google-maps.png\" alt=\"\" class=\"wp-image-113\" style=\"width:111px;height:auto\" srcset=\"https:\/\/beugroburger-esztergom.hu\/wp-content\/uploads\/2024\/01\/google-maps.png 512w, https:\/\/beugroburger-esztergom.hu\/wp-content\/uploads\/2024\/01\/google-maps-200x200.png 200w, https:\/\/beugroburger-esztergom.hu\/wp-content\/uploads\/2024\/01\/google-maps-100x100.png 100w, https:\/\/beugroburger-esztergom.hu\/wp-content\/uploads\/2024\/01\/google-maps-300x300.png 300w, https:\/\/beugroburger-esztergom.hu\/wp-content\/uploads\/2024\/01\/google-maps-150x150.png 150w\" sizes=\"auto, (max-width: 512px) 100vw, 512px\" \/><\/figure>\n\n<div class=\"wp-block-buttons is-layout-flex wp-block-buttons-is-layout-flex\"><div class=\"wp-block-button is-style-outline is-style-outline--1\"><a class=\"wp-block-button__link has-ast-global-color-5-color has-text-color has-background has-link-color wp-element-button\" href=\"https:\/\/www.google.hu\/maps\/place\/Esztergom,+Imah%C3%A1z+u.+3,+2500\/@47.794997,18.7400011,17z\/data=!3m1!4b1!4m6!3m5!1s0x476a618c9fd11859:0xf70fa8b53c8d9a2f!8m2!3d47.794997!4d18.742576!16s%2Fg%2F11p5tqk3g4?entry=ttu&amp;g_ep=EgoyMDI1MTExMS4wIKXMDSoASAFQAw%3D%3D\" style=\"border-radius:5px;background-color:#4c9cf2\" target=\"_blank\" rel=\"noreferrer noopener\">Beugr\u00f3 Burger a t\u00e9rk\u00e9pen<\/a><\/div><\/div><\/div><\/div>\n\n<div class=\"wp-block-column is-layout-flow wp-block-column-is-layout-flow\"><div style=\"height:100px\" aria-hidden=\"true\" class=\"wp-block-spacer\"><\/div>\n\n<div class=\"wp-block-group has-background is-layout-constrained wp-container-core-group-is-layout-eab2946b wp-block-group-is-layout-constrained\" style=\"border-radius:10px;background-color:#000000bd;margin-top:0;margin-bottom:0;padding-top:var(--wp--preset--spacing--40);padding-right:0;padding-bottom:var(--wp--preset--spacing--40);padding-left:0\"><div class=\"wp-block-buttons is-content-justification-center is-layout-flex wp-container-core-buttons-is-layout-a89b3969 wp-block-buttons-is-layout-flex\"><div class=\"wp-block-button is-style-outline is-style-outline--2\"><a class=\"wp-block-button__link has-background has-custom-font-size wp-element-button\" href=\"https:\/\/beugroburger-esztergom.hu\/?page_id=184\" style=\"border-radius:10px;background-color:#ffffffc4;padding-top:var(--wp--preset--spacing--30);padding-right:var(--wp--preset--spacing--50);padding-bottom:var(--wp--preset--spacing--30);padding-left:var(--wp--preset--spacing--50);font-size:28px\">\u00c9tlap \u00e9s itallap<\/a><\/div><\/div>\n\n<hr class=\"wp-block-separator has-alpha-channel-opacity\"\/>\n\n<div class=\"wp-block-buttons is-content-justification-center is-layout-flex wp-container-core-buttons-is-layout-a89b3969 wp-block-buttons-is-layout-flex\"><div class=\"wp-block-button is-style-outline is-style-outline--3\"><a class=\"wp-block-button__link has-ast-global-color-5-color has-text-color has-background has-link-color wp-element-button\" href=\"https:\/\/beugroburger-esztergom.hu\/?post_type=product\" style=\"border-radius:10px;background-color:#fcb90054;padding-top:var(--wp--preset--spacing--30);padding-right:var(--wp--preset--spacing--50);padding-bottom:var(--wp--preset--spacing--30);padding-left:var(--wp--preset--spacing--50)\">Online rendel\u00e9s<\/a><\/div><\/div><\/div><\/div><\/div><\/div><\/div><div class=\"wp-block-columns alignfull has-ast-global-color-4-background-color has-background is-layout-flex wp-container-core-columns-is-layout-28f84493 wp-block-columns-is-layout-flex\"><div class=\"wp-block-column is-layout-flow wp-block-column-is-layout-flow\"><h2 class=\"wp-block-heading\">Kutyabar\u00e1t \u00e9tterem!<\/h2>\n\n<p>Az \u00e9tterm\u00fcnk kutyabar\u00e1t, \u00edgy szeretettel v\u00e1rjuk vend\u00e9geinket \u00e9s n\u00e9gy l\u00e1b\u00fa t\u00e1rsaikat egyar\u00e1nt egy finom \u00e9tkez\u00e9sre.<\/p>\n\n<figure class=\"wp-block-image aligncenter size-full is-resized\"><img loading=\"lazy\" decoding=\"async\" width=\"512\" height=\"512\" src=\"https:\/\/beugroburger-esztergom.hu\/wp-content\/uploads\/2024\/02\/dog.png\" alt=\"\" class=\"wp-image-722\" style=\"width:133px;height:auto\" srcset=\"https:\/\/beugroburger-esztergom.hu\/wp-content\/uploads\/2024\/02\/dog.png 512w, https:\/\/beugroburger-esztergom.hu\/wp-content\/uploads\/2024\/02\/dog-200x200.png 200w, https:\/\/beugroburger-esztergom.hu\/wp-content\/uploads\/2024\/02\/dog-100x100.png 100w, https:\/\/beugroburger-esztergom.hu\/wp-content\/uploads\/2024\/02\/dog-300x300.png 300w, https:\/\/beugroburger-esztergom.hu\/wp-content\/uploads\/2024\/02\/dog-150x150.png 150w\" sizes=\"auto, (max-width: 512px) 100vw, 512px\" \/><\/figure><\/div>\n\n<div class=\"wp-block-column is-layout-flow wp-block-column-is-layout-flow\"><h2 class=\"wp-block-heading\">Sz\u00e9p k\u00e1rtya elfogad\u00f3hely<\/h2>\n\n<p>\u00d6r\u00f6mmel t\u00e1j\u00e9koztatjuk, hogy \u00e9tterm\u00fcnk sz\u00e9p k\u00e1rty\u00e1t is elfogad, \u00edgy lehet\u0151s\u00e9get biztos\u00edtunk vend\u00e9geinknek arra, hogy k\u00e9nyelmesen \u00e9s rugalmasan fizethessenek n\u00e1lunk.<\/p>\n\n<figure class=\"wp-block-image aligncenter size-full is-resized\"><img loading=\"lazy\" decoding=\"async\" width=\"512\" height=\"512\" src=\"https:\/\/beugroburger-esztergom.hu\/wp-content\/uploads\/2024\/02\/mobile-payment.png\" alt=\"\" class=\"wp-image-725\" style=\"width:133px\" srcset=\"https:\/\/beugroburger-esztergom.hu\/wp-content\/uploads\/2024\/02\/mobile-payment.png 512w, https:\/\/beugroburger-esztergom.hu\/wp-content\/uploads\/2024\/02\/mobile-payment-200x200.png 200w, https:\/\/beugroburger-esztergom.hu\/wp-content\/uploads\/2024\/02\/mobile-payment-100x100.png 100w, https:\/\/beugroburger-esztergom.hu\/wp-content\/uploads\/2024\/02\/mobile-payment-300x300.png 300w, https:\/\/beugroburger-esztergom.hu\/wp-content\/uploads\/2024\/02\/mobile-payment-150x150.png 150w\" sizes=\"auto, (max-width: 512px) 100vw, 512px\" \/><\/figure><\/div><\/div><div style=\"background-image:url(&apos;https:\/\/beugroburger-esztergom.hu\/wp-content\/uploads\/2025\/12\/pexels-valeriya-1639562-1-scaled.jpg&apos;);background-position:49% 63%;background-size:cover;\" class=\"wp-block-group alignfull is-layout-constrained wp-block-group-is-layout-constrained has-background\"><h2 class=\"wp-block-heading has-text-align-left has-ast-global-color-5-color has-text-color has-link-color wp-elements-8e53323cd21ba5a9c560f08f616383d4\" id=\"etlap\"><br>Tekintse meg \u00e9tlapunkat<br><br><\/h2>\n\n<div class=\"wp-block-buttons is-content-justification-left is-layout-flex wp-container-core-buttons-is-layout-fc4fd283 wp-block-buttons-is-layout-flex\"><div class=\"wp-block-button is-style-outline is-style-outline--4\"><a class=\"wp-block-button__link has-ast-global-color-5-color has-text-color has-background has-link-color wp-element-button\" href=\"https:\/\/beugroburger-esztergom.hu\/?page_id=184\" style=\"border-radius:10px;background-color:#ffffff4d;padding-top:var(--wp--preset--spacing--30);padding-right:var(--wp--preset--spacing--50);padding-bottom:var(--wp--preset--spacing--30);padding-left:var(--wp--preset--spacing--50)\"><img loading=\"lazy\" decoding=\"async\" width=\"30\" height=\"30\" class=\"wp-image-76\" style=\"width: 30px;\" src=\"https:\/\/beugroburger-esztergom.hu\/wp-content\/uploads\/2024\/01\/chicken-leg.png\" alt=\"\" srcset=\"https:\/\/beugroburger-esztergom.hu\/wp-content\/uploads\/2024\/01\/chicken-leg.png 512w, https:\/\/beugroburger-esztergom.hu\/wp-content\/uploads\/2024\/01\/chicken-leg-200x200.png 200w, https:\/\/beugroburger-esztergom.hu\/wp-content\/uploads\/2024\/01\/chicken-leg-100x100.png 100w, https:\/\/beugroburger-esztergom.hu\/wp-content\/uploads\/2024\/01\/chicken-leg-300x300.png 300w, https:\/\/beugroburger-esztergom.hu\/wp-content\/uploads\/2024\/01\/chicken-leg-150x150.png 150w\" sizes=\"auto, (max-width: 30px) 100vw, 30px\" \/> \u00c9TLAP<img loading=\"lazy\" decoding=\"async\" width=\"30\" height=\"30\" class=\"wp-image-80\" style=\"width: 30px;\" src=\"https:\/\/beugroburger-esztergom.hu\/wp-content\/uploads\/2024\/01\/tea.png\" alt=\"\" srcset=\"https:\/\/beugroburger-esztergom.hu\/wp-content\/uploads\/2024\/01\/tea.png 512w, https:\/\/beugroburger-esztergom.hu\/wp-content\/uploads\/2024\/01\/tea-200x200.png 200w, https:\/\/beugroburger-esztergom.hu\/wp-content\/uploads\/2024\/01\/tea-100x100.png 100w, https:\/\/beugroburger-esztergom.hu\/wp-content\/uploads\/2024\/01\/tea-300x300.png 300w, https:\/\/beugroburger-esztergom.hu\/wp-content\/uploads\/2024\/01\/tea-150x150.png 150w\" sizes=\"auto, (max-width: 30px) 100vw, 30px\" \/><\/a><\/div><\/div><\/div><h2 class=\"wp-block-heading has-text-align-center\"><br><br>Bemutatkoz\u00e1s<\/h2><div class=\"wp-block-columns is-layout-flex wp-container-core-columns-is-layout-28f84493 wp-block-columns-is-layout-flex\"><div class=\"wp-block-column is-layout-flow wp-block-column-is-layout-flow\"><figure class=\"wp-block-image size-full has-custom-border\"><img loading=\"lazy\" decoding=\"async\" width=\"585\" height=\"440\" src=\"https:\/\/beugroburger-esztergom.hu\/wp-content\/uploads\/2025\/11\/introimage.png\" alt=\"\" class=\"wp-image-7872\" style=\"border-radius:10px\" srcset=\"https:\/\/beugroburger-esztergom.hu\/wp-content\/uploads\/2025\/11\/introimage.png 585w, https:\/\/beugroburger-esztergom.hu\/wp-content\/uploads\/2025\/11\/introimage-300x226.png 300w\" sizes=\"auto, (max-width: 585px) 100vw, 585px\" \/><\/figure>\n\n<p><br>\u00c9tlapunkon szerepelnek tov\u00e1bb\u00e1 <strong>ropog\u00f3s frissens\u00fcltek, v\u00e1ltozatos k\u00f6retek, friss sal\u00e1t\u00e1k<\/strong>, valamint az elmaradhatatlan <strong>\u00f3ri\u00e1spalacsinta<\/strong>, amely t\u00f6k\u00e9letes lez\u00e1r\u00e1sa b\u00e1rmely \u00e9tkez\u00e9snek. Minden fog\u00e1sunkat gondosan, odafigyel\u00e9ssel k\u00e9sz\u00edtj\u00fck, hogy a lehet\u0151 legjobb \u00e9lm\u00e9nyt ny\u00fajtsuk \u2013 ak\u00e1r helyben fogyasztasz, ak\u00e1r elvitelre k\u00e9rsz.<\/p>\n\n<div style=\"height:100px\" aria-hidden=\"true\" class=\"wp-block-spacer\"><\/div>\n\n<figure class=\"wp-block-image size-full has-custom-border\"><img loading=\"lazy\" decoding=\"async\" width=\"900\" height=\"600\" src=\"https:\/\/beugroburger-esztergom.hu\/wp-content\/uploads\/2025\/12\/beugro-burger.jpg\" alt=\"\" class=\"wp-image-7889\" style=\"border-radius:10px\" srcset=\"https:\/\/beugroburger-esztergom.hu\/wp-content\/uploads\/2025\/12\/beugro-burger.jpg 900w, https:\/\/beugroburger-esztergom.hu\/wp-content\/uploads\/2025\/12\/beugro-burger-300x200.jpg 300w, https:\/\/beugroburger-esztergom.hu\/wp-content\/uploads\/2025\/12\/beugro-burger-768x512.jpg 768w\" sizes=\"auto, (max-width: 900px) 100vw, 900px\" \/><\/figure><\/div>\n\n<div class=\"wp-block-column is-layout-flow wp-block-column-is-layout-flow\"><p><br><br><strong>A Beugr\u00f3 Burger Esztergom egyik legkedveltebb street food helye<\/strong>, ahol friss alapanyagokb\u00f3l, b\u0151s\u00e9ges adagokkal \u00e9s igazi h\u00e1zias \u00edzekkel v\u00e1rjuk vend\u00e9geinket. K\u00edn\u00e1latunkat \u00fagy \u00e1ll\u00edtottuk \u00f6ssze, hogy mindenki megtal\u00e1lja a saj\u00e1t kedvenc\u00e9t \u2013 legyen sz\u00f3 egy szaftos hamburgerr\u0151l, k\u00f6nnyedebb gyrosr\u00f3l vagy egy j\u00f3l megpakolt kebab boxr\u00f3l.<\/p>\n\n<div style=\"height:100px\" aria-hidden=\"true\" class=\"wp-block-spacer\"><\/div>\n\n<figure class=\"wp-block-image size-full has-custom-border\"><img loading=\"lazy\" decoding=\"async\" width=\"2560\" height=\"1706\" src=\"https:\/\/beugroburger-esztergom.hu\/wp-content\/uploads\/2025\/12\/husimadoburger-scaled.jpg\" alt=\"\" class=\"wp-image-7887\" style=\"border-radius:10px\" srcset=\"https:\/\/beugroburger-esztergom.hu\/wp-content\/uploads\/2025\/12\/husimadoburger-scaled.jpg 2560w, https:\/\/beugroburger-esztergom.hu\/wp-content\/uploads\/2025\/12\/husimadoburger-300x200.jpg 300w, https:\/\/beugroburger-esztergom.hu\/wp-content\/uploads\/2025\/12\/husimadoburger-1024x683.jpg 1024w, https:\/\/beugroburger-esztergom.hu\/wp-content\/uploads\/2025\/12\/husimadoburger-768x512.jpg 768w, https:\/\/beugroburger-esztergom.hu\/wp-content\/uploads\/2025\/12\/husimadoburger-1536x1024.jpg 1536w, https:\/\/beugroburger-esztergom.hu\/wp-content\/uploads\/2025\/12\/husimadoburger-2048x1365.jpg 2048w\" sizes=\"auto, (max-width: 2560px) 100vw, 2560px\" \/><\/figure>\n\n<div style=\"height:48px\" aria-hidden=\"true\" class=\"wp-block-spacer\"><\/div>\n\n<p>Ha megtetszett valami az \u00e9tlapunkr\u00f3l, <strong>rendeld meg online n\u00e9h\u00e1ny kattint\u00e1ssal<\/strong>, \u00e9s m\u00e1r \u00faton is vagyunk fel\u00e9d! Gyors, k\u00e9nyelmes \u00e9s egyszer\u0171 \u2013 pont \u00fagy, ahogy szeretn\u00e9d.<\/p>\n\n<p><strong>Beugr\u00f3 Burger \u2013 ahol az \u00edzek mindig visszah\u00edvnak.<\/strong> \ud83c\udf54\ud83d\udd25<\/p><\/div><\/div><hr class=\"wp-block-separator has-alpha-channel-opacity is-style-wide\"\/><h2 class=\"wp-block-heading has-text-align-center\"><br><\/h2><div class=\"wp-block-group alignfull is-content-justification-right is-nowrap is-layout-flex wp-container-core-group-is-layout-7017a74e wp-block-group-is-layout-flex has-background\" style=\"min-height:0px;padding-right:var(--wp--preset--spacing--40);padding-left:var(--wp--preset--spacing--40);background-image:url(&apos;https:\/\/beugroburger-esztergom.hu\/wp-content\/uploads\/2025\/12\/cHJpdmF0ZS9sci9pbWFnZXMvd2Vic2l0ZS8yMDIzLTA2L3JtNjY2LWtuLWQtMDAxY2EuanBn.jpg&apos;);background-position:100% 50%;background-size:cover;background-attachment:scroll;\"><h2 class=\"wp-block-heading has-text-align-right has-ast-global-color-5-color has-text-color has-link-color wp-elements-33bdedb4c8be5e935276c079002247a7\" style=\"font-size:16px\">Hamburgerez\u0151nkben min\u0151s\u00e9gi alapanyagokb\u00f3lk\u00e9sz\u00fclt, frissen s\u00fclt, <br>szaftos hamburgerekkel \u00e9s h\u00e1zias<br>\u00edzekkel v\u00e1rjuk \u00d6nt \u00e9s csal\u00e1dj\u00e1t. <\/h2><\/div>","protected":false},"excerpt":{"rendered":"<p>Kutyabar\u00e1t \u00e9tterem! Az \u00e9tterm\u00fcnk kutyabar\u00e1t, \u00edgy szeretettel v\u00e1rjuk vend\u00e9geinket \u00e9s n\u00e9gy l\u00e1b\u00fa t\u00e1rsaikat egyar\u00e1nt egy finom \u00e9tkez\u00e9sre. Sz\u00e9p k\u00e1rtya elfogad\u00f3hely [&hellip;]<\/p>\n","protected":false},"author":1,"featured_media":0,"parent":0,"menu_order":0,"comment_status":"closed","ping_status":"closed","template":"","meta":{"site-sidebar-layout":"no-sidebar","site-content-layout":"plain-container","ast-site-content-layout":"","site-content-style":"default","site-sidebar-style":"default","ast-global-header-display":"","ast-banner-title-visibility":"","ast-main-header-display":"","ast-hfb-above-header-display":"","ast-hfb-below-header-display":"","ast-hfb-mobile-header-display":"","site-post-title":"disabled","ast-breadcrumbs-content":"","ast-featured-img":"","footer-sml-layout":"","theme-transparent-header-meta":"enabled","adv-header-id-meta":"","stick-header-meta":"","header-above-stick-meta":"","header-main-stick-meta":"","header-below-stick-meta":"","astra-migrate-meta-layouts":"default","ast-page-background-enabled":"default","ast-page-background-meta":{"desktop":{"background-color":"var(--ast-global-color-4)","background-image":"","background-repeat":"repeat","background-position":"center center","background-size":"auto","background-attachment":"scroll","background-type":"","background-media":"","overlay-type":"","overlay-color":"","overlay-gradient":""},"tablet":{"background-color":"","background-image":"","background-repeat":"repeat","background-position":"center center","background-size":"auto","background-attachment":"scroll","background-type":"","background-media":"","overlay-type":"","overlay-color":"","overlay-gradient":""},"mobile":{"background-color":"","background-image":"","background-repeat":"repeat","background-position":"center center","background-size":"auto","background-attachment":"scroll","background-type":"","background-media":"","overlay-type":"","overlay-color":"","overlay-gradient":""}},"ast-content-background-meta":{"desktop":{"background-color":"var(--ast-global-color-5)","background-image":"","background-repeat":"repeat","background-position":"center center","background-size":"auto","background-attachment":"scroll","background-type":"","background-media":"","overlay-type":"","overlay-color":"","overlay-gradient":""},"tablet":{"background-color":"var(--ast-global-color-5)","background-image":"","background-repeat":"repeat","background-position":"center center","background-size":"auto","background-attachment":"scroll","background-type":"","background-media":"","overlay-type":"","overlay-color":"","overlay-gradient":""},"mobile":{"background-color":"var(--ast-global-color-5)","background-image":"","background-repeat":"repeat","background-position":"center center","background-size":"auto","background-attachment":"scroll","background-type":"","background-media":"","overlay-type":"","overlay-color":"","overlay-gradient":""}},"footnotes":""},"class_list":["post-7","page","type-page","status-publish","hentry"],"_links":{"self":[{"href":"https:\/\/beugroburger-esztergom.hu\/index.php?rest_route=\/wp\/v2\/pages\/7","targetHints":{"allow":["GET"]}}],"collection":[{"href":"https:\/\/beugroburger-esztergom.hu\/index.php?rest_route=\/wp\/v2\/pages"}],"about":[{"href":"https:\/\/beugroburger-esztergom.hu\/index.php?rest_route=\/wp\/v2\/types\/page"}],"author":[{"embeddable":true,"href":"https:\/\/beugroburger-esztergom.hu\/index.php?rest_route=\/wp\/v2\/users\/1"}],"replies":[{"embeddable":true,"href":"https:\/\/beugroburger-esztergom.hu\/index.php?rest_route=%2Fwp%2Fv2%2Fcomments&post=7"}],"version-history":[{"count":490,"href":"https:\/\/beugroburger-esztergom.hu\/index.php?rest_route=\/wp\/v2\/pages\/7\/revisions"}],"predecessor-version":[{"id":8147,"href":"https:\/\/beugroburger-esztergom.hu\/index.php?rest_route=\/wp\/v2\/pages\/7\/revisions\/8147"}],"wp:attachment":[{"href":"https:\/\/beugroburger-esztergom.hu\/index.php?rest_route=%2Fwp%2Fv2%2Fmedia&parent=7"}],"curies":[{"name":"wp","href":"https:\/\/api.w.org\/{rel}","templated":true}]}}