{"id":7956,"date":"2025-12-18T12:26:18","date_gmt":"2025-12-18T12:26:18","guid":{"rendered":"https:\/\/beugroburger-esztergom.hu\/?post_type=product&#038;p=7956"},"modified":"2025-12-18T12:26:18","modified_gmt":"2025-12-18T12:26:18","slug":"rantott-camembert-sajt","status":"publish","type":"product","link":"https:\/\/beugroburger-esztergom.hu\/?product=rantott-camembert-sajt","title":{"rendered":"R\u00e1ntott camembert sajt"},"content":{"rendered":"<div class=\"text\">\n<p id=\"description_547642\" class=\"shortenText\">2db, 20dkg ropog\u00f3s burgony\u00e1val, sal\u00e1t\u00e1val<\/p>\n<\/div>\n<div class=\"foodButtonContainer\">\n<div class=\"add__to__cart__container\"><\/div>\n<\/div>\n","protected":false},"excerpt":{"rendered":"<p>2db, 20dkg ropog\u00f3s burgony\u00e1val, sal\u00e1t\u00e1val<\/p>\n","protected":false},"featured_media":0,"template":"","meta":{"site-sidebar-layout":"default","site-content-layout":"","ast-site-content-layout":"default","site-content-style":"default","site-sidebar-style":"default","ast-global-header-display":"","ast-banner-title-visibility":"","ast-main-header-display":"","ast-hfb-above-header-display":"","ast-hfb-below-header-display":"","ast-hfb-mobile-header-display":"","site-post-title":"","ast-breadcrumbs-content":"","ast-featured-img":"","footer-sml-layout":"","theme-transparent-header-meta":"default","adv-header-id-meta":"","stick-header-meta":"","header-above-stick-meta":"","header-main-stick-meta":"","header-below-stick-meta":"","astra-migrate-meta-layouts":"set","ast-page-background-enabled":"default","ast-page-background-meta":{"desktop":{"background-color":"var(--ast-global-color-4)","background-image":"","background-repeat":"repeat","background-position":"center center","background-size":"auto","background-attachment":"scroll","background-type":"","background-media":"","overlay-type":"","overlay-color":"","overlay-gradient":""},"tablet":{"background-color":"","background-image":"","background-repeat":"repeat","background-position":"center center","background-size":"auto","background-attachment":"scroll","background-type":"","background-media":"","overlay-type":"","overlay-color":"","overlay-gradient":""},"mobile":{"background-color":"","background-image":"","background-repeat":"repeat","background-position":"center center","background-size":"auto","background-attachment":"scroll","background-type":"","background-media":"","overlay-type":"","overlay-color":"","overlay-gradient":""}},"ast-content-background-meta":{"desktop":{"background-color":"var(--ast-global-color-5)","background-image":"","background-repeat":"repeat","background-position":"center center","background-size":"auto","background-attachment":"scroll","background-type":"","background-media":"","overlay-type":"","overlay-color":"","overlay-gradient":""},"tablet":{"background-color":"var(--ast-global-color-5)","background-image":"","background-repeat":"repeat","background-position":"center center","background-size":"auto","background-attachment":"scroll","background-type":"","background-media":"","overlay-type":"","overlay-color":"","overlay-gradient":""},"mobile":{"background-color":"var(--ast-global-color-5)","background-image":"","background-repeat":"repeat","background-position":"center center","background-size":"auto","background-attachment":"scroll","background-type":"","background-media":"","overlay-type":"","overlay-color":"","overlay-gradient":""}}},"product_brand":[],"product_cat":[18],"product_tag":[],"class_list":{"0":"post-7956","1":"product","2":"type-product","3":"status-publish","5":"product_cat-egyeb","6":"desktop-align-center","7":"tablet-align-left","8":"mobile-align-left","10":"first","11":"instock","12":"shipping-taxable","13":"product-type-simple"},"_links":{"self":[{"href":"https:\/\/beugroburger-esztergom.hu\/index.php?rest_route=\/wp\/v2\/product\/7956","targetHints":{"allow":["GET"]}}],"collection":[{"href":"https:\/\/beugroburger-esztergom.hu\/index.php?rest_route=\/wp\/v2\/product"}],"about":[{"href":"https:\/\/beugroburger-esztergom.hu\/index.php?rest_route=\/wp\/v2\/types\/product"}],"wp:attachment":[{"href":"https:\/\/beugroburger-esztergom.hu\/index.php?rest_route=%2Fwp%2Fv2%2Fmedia&parent=7956"}],"wp:term":[{"taxonomy":"product_brand","embeddable":true,"href":"https:\/\/beugroburger-esztergom.hu\/index.php?rest_route=%2Fwp%2Fv2%2Fproduct_brand&post=7956"},{"taxonomy":"product_cat","embeddable":true,"href":"https:\/\/beugroburger-esztergom.hu\/index.php?rest_route=%2Fwp%2Fv2%2Fproduct_cat&post=7956"},{"taxonomy":"product_tag","embeddable":true,"href":"https:\/\/beugroburger-esztergom.hu\/index.php?rest_route=%2Fwp%2Fv2%2Fproduct_tag&post=7956"}],"curies":[{"name":"wp","href":"https:\/\/api.w.org\/{rel}","templated":true}]}}