{"id":7970,"date":"2025-12-18T12:37:40","date_gmt":"2025-12-18T12:37:40","guid":{"rendered":"https:\/\/beugroburger-esztergom.hu\/?post_type=product&#038;p=7970"},"modified":"2025-12-18T14:04:27","modified_gmt":"2025-12-18T14:04:27","slug":"kebab-box-extra","status":"publish","type":"product","link":"https:\/\/beugroburger-esztergom.hu\/?product=kebab-box-extra","title":{"rendered":"Kebab box extra"},"content":{"rendered":"<div class=\"text\">\n<p data-start=\"1594\" data-end=\"1687\">300 g ropog\u00f3s burgonya, 150 g gyrosh\u00fas, gyros sz\u00f3sz, trappista sajt, bacon, 5 db hagymakarika<\/p>\n<\/div>\n<div class=\"foodButtonContainer\">\n<div class=\"add__to__cart__container\"><\/div>\n<\/div>\n","protected":false},"excerpt":{"rendered":"<p>300 g ropog\u00f3s burgonya, 150 g gyrosh\u00fas, gyros sz\u00f3sz, trappista sajt, bacon, 5 db hagymakarika<\/p>\n","protected":false},"featured_media":7971,"template":"","meta":{"site-sidebar-layout":"default","site-content-layout":"","ast-site-content-layout":"default","site-content-style":"default","site-sidebar-style":"default","ast-global-header-display":"","ast-banner-title-visibility":"","ast-main-header-display":"","ast-hfb-above-header-display":"","ast-hfb-below-header-display":"","ast-hfb-mobile-header-display":"","site-post-title":"","ast-breadcrumbs-content":"","ast-featured-img":"","footer-sml-layout":"","theme-transparent-header-meta":"default","adv-header-id-meta":"","stick-header-meta":"","header-above-stick-meta":"","header-main-stick-meta":"","header-below-stick-meta":"","astra-migrate-meta-layouts":"set","ast-page-background-enabled":"default","ast-page-background-meta":{"desktop":{"background-color":"var(--ast-global-color-4)","background-image":"","background-repeat":"repeat","background-position":"center center","background-size":"auto","background-attachment":"scroll","background-type":"","background-media":"","overlay-type":"","overlay-color":"","overlay-gradient":""},"tablet":{"background-color":"","background-image":"","background-repeat":"repeat","background-position":"center center","background-size":"auto","background-attachment":"scroll","background-type":"","background-media":"","overlay-type":"","overlay-color":"","overlay-gradient":""},"mobile":{"background-color":"","background-image":"","background-repeat":"repeat","background-position":"center center","background-size":"auto","background-attachment":"scroll","background-type":"","background-media":"","overlay-type":"","overlay-color":"","overlay-gradient":""}},"ast-content-background-meta":{"desktop":{"background-color":"var(--ast-global-color-5)","background-image":"","background-repeat":"repeat","background-position":"center center","background-size":"auto","background-attachment":"scroll","background-type":"","background-media":"","overlay-type":"","overlay-color":"","overlay-gradient":""},"tablet":{"background-color":"var(--ast-global-color-5)","background-image":"","background-repeat":"repeat","background-position":"center center","background-size":"auto","background-attachment":"scroll","background-type":"","background-media":"","overlay-type":"","overlay-color":"","overlay-gradient":""},"mobile":{"background-color":"var(--ast-global-color-5)","background-image":"","background-repeat":"repeat","background-position":"center center","background-size":"auto","background-attachment":"scroll","background-type":"","background-media":"","overlay-type":"","overlay-color":"","overlay-gradient":""}}},"product_brand":[],"product_cat":[42],"product_tag":[],"class_list":{"0":"post-7970","1":"product","2":"type-product","3":"status-publish","4":"has-post-thumbnail","6":"product_cat-boxok","7":"desktop-align-center","8":"tablet-align-left","9":"mobile-align-left","11":"first","12":"instock","13":"shipping-taxable","14":"purchasable","15":"product-type-simple"},"_links":{"self":[{"href":"https:\/\/beugroburger-esztergom.hu\/index.php?rest_route=\/wp\/v2\/product\/7970","targetHints":{"allow":["GET"]}}],"collection":[{"href":"https:\/\/beugroburger-esztergom.hu\/index.php?rest_route=\/wp\/v2\/product"}],"about":[{"href":"https:\/\/beugroburger-esztergom.hu\/index.php?rest_route=\/wp\/v2\/types\/product"}],"wp:featuredmedia":[{"embeddable":true,"href":"https:\/\/beugroburger-esztergom.hu\/index.php?rest_route=\/wp\/v2\/media\/7971"}],"wp:attachment":[{"href":"https:\/\/beugroburger-esztergom.hu\/index.php?rest_route=%2Fwp%2Fv2%2Fmedia&parent=7970"}],"wp:term":[{"taxonomy":"product_brand","embeddable":true,"href":"https:\/\/beugroburger-esztergom.hu\/index.php?rest_route=%2Fwp%2Fv2%2Fproduct_brand&post=7970"},{"taxonomy":"product_cat","embeddable":true,"href":"https:\/\/beugroburger-esztergom.hu\/index.php?rest_route=%2Fwp%2Fv2%2Fproduct_cat&post=7970"},{"taxonomy":"product_tag","embeddable":true,"href":"https:\/\/beugroburger-esztergom.hu\/index.php?rest_route=%2Fwp%2Fv2%2Fproduct_tag&post=7970"}],"curies":[{"name":"wp","href":"https:\/\/api.w.org\/{rel}","templated":true}]}}