{"id":7997,"date":"2025-12-18T13:41:50","date_gmt":"2025-12-18T13:41:50","guid":{"rendered":"https:\/\/beugroburger-esztergom.hu\/?post_type=product&#038;p=7997"},"modified":"2025-12-18T13:41:50","modified_gmt":"2025-12-18T13:41:50","slug":"sajtimado-burger","status":"publish","type":"product","link":"https:\/\/beugroburger-esztergom.hu\/?product=sajtimado-burger","title":{"rendered":"Sajtim\u00e1d\u00f3 Burger"},"content":{"rendered":"<p data-start=\"1286\" data-end=\"1369\">100 g marhah\u00fas, j\u00e9gsal\u00e1ta, lilahagymalekv\u00e1r, cheddar sajt, v\u00e1laszthat\u00f3 r\u00e1ntott sajt<\/p>\n","protected":false},"excerpt":{"rendered":"<p>100 g marhah\u00fas, j\u00e9gsal\u00e1ta, lilahagymalekv\u00e1r, cheddar sajt, v\u00e1laszthat\u00f3 r\u00e1ntott sajt<\/p>\n","protected":false},"featured_media":7998,"template":"","meta":{"site-sidebar-layout":"default","site-content-layout":"","ast-site-content-layout":"default","site-content-style":"default","site-sidebar-style":"default","ast-global-header-display":"","ast-banner-title-visibility":"","ast-main-header-display":"","ast-hfb-above-header-display":"","ast-hfb-below-header-display":"","ast-hfb-mobile-header-display":"","site-post-title":"","ast-breadcrumbs-content":"","ast-featured-img":"","footer-sml-layout":"","theme-transparent-header-meta":"default","adv-header-id-meta":"","stick-header-meta":"","header-above-stick-meta":"","header-main-stick-meta":"","header-below-stick-meta":"","astra-migrate-meta-layouts":"set","ast-page-background-enabled":"default","ast-page-background-meta":{"desktop":{"background-color":"var(--ast-global-color-4)","background-image":"","background-repeat":"repeat","background-position":"center center","background-size":"auto","background-attachment":"scroll","background-type":"","background-media":"","overlay-type":"","overlay-color":"","overlay-gradient":""},"tablet":{"background-color":"","background-image":"","background-repeat":"repeat","background-position":"center center","background-size":"auto","background-attachment":"scroll","background-type":"","background-media":"","overlay-type":"","overlay-color":"","overlay-gradient":""},"mobile":{"background-color":"","background-image":"","background-repeat":"repeat","background-position":"center center","background-size":"auto","background-attachment":"scroll","background-type":"","background-media":"","overlay-type":"","overlay-color":"","overlay-gradient":""}},"ast-content-background-meta":{"desktop":{"background-color":"var(--ast-global-color-5)","background-image":"","background-repeat":"repeat","background-position":"center center","background-size":"auto","background-attachment":"scroll","background-type":"","background-media":"","overlay-type":"","overlay-color":"","overlay-gradient":""},"tablet":{"background-color":"var(--ast-global-color-5)","background-image":"","background-repeat":"repeat","background-position":"center center","background-size":"auto","background-attachment":"scroll","background-type":"","background-media":"","overlay-type":"","overlay-color":"","overlay-gradient":""},"mobile":{"background-color":"var(--ast-global-color-5)","background-image":"","background-repeat":"repeat","background-position":"center center","background-size":"auto","background-attachment":"scroll","background-type":"","background-media":"","overlay-type":"","overlay-color":"","overlay-gradient":""}}},"product_brand":[],"product_cat":[40],"product_tag":[],"class_list":{"0":"post-7997","1":"product","2":"type-product","3":"status-publish","4":"has-post-thumbnail","6":"product_cat-hamburgerek","7":"desktop-align-center","8":"tablet-align-left","9":"mobile-align-left","11":"first","12":"instock","13":"shipping-taxable","14":"product-type-simple"},"_links":{"self":[{"href":"https:\/\/beugroburger-esztergom.hu\/index.php?rest_route=\/wp\/v2\/product\/7997","targetHints":{"allow":["GET"]}}],"collection":[{"href":"https:\/\/beugroburger-esztergom.hu\/index.php?rest_route=\/wp\/v2\/product"}],"about":[{"href":"https:\/\/beugroburger-esztergom.hu\/index.php?rest_route=\/wp\/v2\/types\/product"}],"wp:featuredmedia":[{"embeddable":true,"href":"https:\/\/beugroburger-esztergom.hu\/index.php?rest_route=\/wp\/v2\/media\/7998"}],"wp:attachment":[{"href":"https:\/\/beugroburger-esztergom.hu\/index.php?rest_route=%2Fwp%2Fv2%2Fmedia&parent=7997"}],"wp:term":[{"taxonomy":"product_brand","embeddable":true,"href":"https:\/\/beugroburger-esztergom.hu\/index.php?rest_route=%2Fwp%2Fv2%2Fproduct_brand&post=7997"},{"taxonomy":"product_cat","embeddable":true,"href":"https:\/\/beugroburger-esztergom.hu\/index.php?rest_route=%2Fwp%2Fv2%2Fproduct_cat&post=7997"},{"taxonomy":"product_tag","embeddable":true,"href":"https:\/\/beugroburger-esztergom.hu\/index.php?rest_route=%2Fwp%2Fv2%2Fproduct_tag&post=7997"}],"curies":[{"name":"wp","href":"https:\/\/api.w.org\/{rel}","templated":true}]}}