{"id":8027,"date":"2025-12-18T13:58:48","date_gmt":"2025-12-18T13:58:48","guid":{"rendered":"https:\/\/beugroburger-esztergom.hu\/?post_type=product&#038;p=8027"},"modified":"2025-12-30T12:39:26","modified_gmt":"2025-12-30T11:39:26","slug":"sajtos-gyrostal","status":"publish","type":"product","link":"https:\/\/beugroburger-esztergom.hu\/?product=sajtos-gyrostal","title":{"rendered":"Sajtos Gyrost\u00e1l"},"content":{"rendered":"<p data-start=\"401\" data-end=\"473\">150 g gyrosh\u00fas, 200 g s\u00fclt burgonya, sal\u00e1ta, gyros sz\u00f3sz, trappista sajt<\/p>\n<p data-start=\"401\" data-end=\"473\">K\u00e9p felt\u00f6lt\u00e9s alatt.<\/p>\n","protected":false},"excerpt":{"rendered":"<p>150 g gyrosh\u00fas, 200 g s\u00fclt burgonya, sal\u00e1ta, gyros sz\u00f3sz, trappista sajt K\u00e9p felt\u00f6lt\u00e9s alatt.<\/p>\n","protected":false},"featured_media":8166,"template":"","meta":{"site-sidebar-layout":"default","site-content-layout":"","ast-site-content-layout":"default","site-content-style":"default","site-sidebar-style":"default","ast-global-header-display":"","ast-banner-title-visibility":"","ast-main-header-display":"","ast-hfb-above-header-display":"","ast-hfb-below-header-display":"","ast-hfb-mobile-header-display":"","site-post-title":"","ast-breadcrumbs-content":"","ast-featured-img":"","footer-sml-layout":"","theme-transparent-header-meta":"default","adv-header-id-meta":"","stick-header-meta":"","header-above-stick-meta":"","header-main-stick-meta":"","header-below-stick-meta":"","astra-migrate-meta-layouts":"set","ast-page-background-enabled":"default","ast-page-background-meta":{"desktop":{"background-color":"var(--ast-global-color-4)","background-image":"","background-repeat":"repeat","background-position":"center center","background-size":"auto","background-attachment":"scroll","background-type":"","background-media":"","overlay-type":"","overlay-color":"","overlay-gradient":""},"tablet":{"background-color":"","background-image":"","background-repeat":"repeat","background-position":"center center","background-size":"auto","background-attachment":"scroll","background-type":"","background-media":"","overlay-type":"","overlay-color":"","overlay-gradient":""},"mobile":{"background-color":"","background-image":"","background-repeat":"repeat","background-position":"center center","background-size":"auto","background-attachment":"scroll","background-type":"","background-media":"","overlay-type":"","overlay-color":"","overlay-gradient":""}},"ast-content-background-meta":{"desktop":{"background-color":"var(--ast-global-color-5)","background-image":"","background-repeat":"repeat","background-position":"center center","background-size":"auto","background-attachment":"scroll","background-type":"","background-media":"","overlay-type":"","overlay-color":"","overlay-gradient":""},"tablet":{"background-color":"var(--ast-global-color-5)","background-image":"","background-repeat":"repeat","background-position":"center center","background-size":"auto","background-attachment":"scroll","background-type":"","background-media":"","overlay-type":"","overlay-color":"","overlay-gradient":""},"mobile":{"background-color":"var(--ast-global-color-5)","background-image":"","background-repeat":"repeat","background-position":"center center","background-size":"auto","background-attachment":"scroll","background-type":"","background-media":"","overlay-type":"","overlay-color":"","overlay-gradient":""}}},"product_brand":[],"product_cat":[41],"product_tag":[],"class_list":{"0":"post-8027","1":"product","2":"type-product","3":"status-publish","4":"has-post-thumbnail","6":"product_cat-gyros","7":"desktop-align-center","8":"tablet-align-left","9":"mobile-align-left","11":"first","12":"instock","13":"shipping-taxable","14":"product-type-simple"},"_links":{"self":[{"href":"https:\/\/beugroburger-esztergom.hu\/index.php?rest_route=\/wp\/v2\/product\/8027","targetHints":{"allow":["GET"]}}],"collection":[{"href":"https:\/\/beugroburger-esztergom.hu\/index.php?rest_route=\/wp\/v2\/product"}],"about":[{"href":"https:\/\/beugroburger-esztergom.hu\/index.php?rest_route=\/wp\/v2\/types\/product"}],"wp:featuredmedia":[{"embeddable":true,"href":"https:\/\/beugroburger-esztergom.hu\/index.php?rest_route=\/wp\/v2\/media\/8166"}],"wp:attachment":[{"href":"https:\/\/beugroburger-esztergom.hu\/index.php?rest_route=%2Fwp%2Fv2%2Fmedia&parent=8027"}],"wp:term":[{"taxonomy":"product_brand","embeddable":true,"href":"https:\/\/beugroburger-esztergom.hu\/index.php?rest_route=%2Fwp%2Fv2%2Fproduct_brand&post=8027"},{"taxonomy":"product_cat","embeddable":true,"href":"https:\/\/beugroburger-esztergom.hu\/index.php?rest_route=%2Fwp%2Fv2%2Fproduct_cat&post=8027"},{"taxonomy":"product_tag","embeddable":true,"href":"https:\/\/beugroburger-esztergom.hu\/index.php?rest_route=%2Fwp%2Fv2%2Fproduct_tag&post=8027"}],"curies":[{"name":"wp","href":"https:\/\/api.w.org\/{rel}","templated":true}]}}